  {"id":2,"date":"2010-02-23T10:27:59","date_gmt":"2010-02-23T10:27:59","guid":{"rendered":"http:\/\/www.rozkoszepodniebienia.com\/?page_id=2"},"modified":"2012-09-19T09:29:59","modified_gmt":"2012-09-19T09:29:59","slug":"informacje","status":"publish","type":"page","link":"https:\/\/www.rozkoszepodniebienia.com\/?page_id=2","title":{"rendered":"i kto to pisze&#8230;"},"content":{"rendered":"<p style=\"text-align: justify;\"><span style=\"color: #000080;\"><a href=\"http:\/\/www.rozkoszepodniebienia.com\/wp-content\/uploads\/2010\/02\/b_avatar-1.jpg\"><img loading=\"lazy\" decoding=\"async\" class=\"alignnone size-medium wp-image-1703\" title=\"b_avatar-1\" src=\"http:\/\/www.rozkoszepodniebienia.com\/wp-content\/uploads\/2010\/02\/b_avatar-1-300x235.jpg\" alt=\"\" width=\"300\" height=\"235\" srcset=\"https:\/\/www.rozkoszepodniebienia.com\/wp-content\/uploads\/2010\/02\/b_avatar-1-300x235.jpg 300w, https:\/\/www.rozkoszepodniebienia.com\/wp-content\/uploads\/2010\/02\/b_avatar-1-1024x803.jpg 1024w, https:\/\/www.rozkoszepodniebienia.com\/wp-content\/uploads\/2010\/02\/b_avatar-1.jpg 1200w\" sizes=\"auto, (max-width: 300px) 100vw, 300px\" \/><\/a><\/span><\/p>\n<p style=\"text-align: justify;\"><span style=\"color: #000080;\"><br \/>\n<\/span><\/p>\n<p style=\"text-align: justify;\"><span style=\"color: #000080;\">To zapewne nic oryginalnego, ale uwielbiam gotowa\u0107. Uwielbiam gotowa\u0107 dla tych, kt\u00f3rych kocham! Jaka\u017c to przyjemno\u015b\u0107 zrobi\u0107 co\u015b pysznego tylko dla siebie i nie podzieli\u0107 si\u0119 tym szcz\u0119\u015bciem z innymi? To tak, jakby pojecha\u0107 na wymarzone wakacje\u2026 samemu. W gotowaniu jestem zwolenniczk\u0105 prostoty kulinarnej. Pewien profesor, gdy studiowa\u0142am powiedzia\u0142 kiedy\u015b, \u017ce genialno\u015b\u0107 jest prostot\u0105 . Zgadzam si\u0119 z tym i tak\u0105 w\u0142a\u015bnie mam zasad\u0119 w kuchni. Pewnie to wi\u0105\u017ce si\u0119 te\u017c z moim temperamentem i tym, \u017ce jestem \u201e w gor\u0105cej wodzie k\u0105pana\u201d. Chc\u0119 mie\u0107 szybko efekt swojej pracy, a proste rzeczy zwykle robi si\u0119 szybko. Nie jestem niewolnic\u0105 przepis\u00f3w kulinarnych, cz\u0119sto modyfikuj\u0119 receptury. Nawet kiedy robi\u0119 co\u015b zupe\u0142nie nowego, pozwalam odezwa\u0107 si\u0119 mojej intuicji. Eliminuj\u0119 lub zast\u0119puj\u0119 sk\u0142adniki, kt\u00f3re mi nie pasuj\u0105, albo kt\u00f3rych akurat po prostu nie mam. Zmieniam proporcje albo kolejno\u015b\u0107 czynno\u015bci. Robi\u0119 po swojemu. Zapraszam Was dzi\u015b do tej mojej kuchni z nadziej\u0105, \u017ce znajdziecie w niej co\u015b dla siebie. Mo\u017ce b\u0119dziecie chcieli zmieni\u0107 co\u015b w przepisie? Bardzo prosz\u0119, bo o to w\u0142a\u015bnie chodzi, \u017ceby gotowa\u0107 i je\u015b\u0107 to, na co si\u0119 ma ochot\u0119! <\/span><\/p>\n<p><span style=\"color: #003366;\">Basia<\/span><\/p>\n","protected":false},"excerpt":{"rendered":"<p>To zapewne nic oryginalnego, ale uwielbiam gotowa\u0107. Uwielbiam gotowa\u0107 dla tych, kt\u00f3rych kocham! Jaka\u017c to przyjemno\u015b\u0107 zrobi\u0107 co\u015b pysznego tylko dla siebie i nie podzieli\u0107 si\u0119 tym szcz\u0119\u015bciem z innymi? To tak, jakby pojecha\u0107 na wymarzone wakacje\u2026 samemu. W gotowaniu jestem zwolenniczk\u0105 prostoty kulinarnej. Pewien profesor, gdy studiowa\u0142am powiedzia\u0142 kiedy\u015b, \u017ce genialno\u015b\u0107 jest prostot\u0105 . [&hellip;]<\/p>\n","protected":false},"author":2,"featured_media":0,"parent":0,"menu_order":0,"comment_status":"open","ping_status":"open","template":"","meta":{"footnotes":""},"class_list":["post-2","page","type-page","status-publish","hentry"],"_links":{"self":[{"href":"https:\/\/www.rozkoszepodniebienia.com\/index.php?rest_route=\/wp\/v2\/pages\/2","targetHints":{"allow":["GET"]}}],"collection":[{"href":"https:\/\/www.rozkoszepodniebienia.com\/index.php?rest_route=\/wp\/v2\/pages"}],"about":[{"href":"https:\/\/www.rozkoszepodniebienia.com\/index.php?rest_route=\/wp\/v2\/types\/page"}],"author":[{"embeddable":true,"href":"https:\/\/www.rozkoszepodniebienia.com\/index.php?rest_route=\/wp\/v2\/users\/2"}],"replies":[{"embeddable":true,"href":"https:\/\/www.rozkoszepodniebienia.com\/index.php?rest_route=%2Fwp%2Fv2%2Fcomments&post=2"}],"version-history":[{"count":13,"href":"https:\/\/www.rozkoszepodniebienia.com\/index.php?rest_route=\/wp\/v2\/pages\/2\/revisions"}],"predecessor-version":[{"id":1704,"href":"https:\/\/www.rozkoszepodniebienia.com\/index.php?rest_route=\/wp\/v2\/pages\/2\/revisions\/1704"}],"wp:attachment":[{"href":"https:\/\/www.rozkoszepodniebienia.com\/index.php?rest_route=%2Fwp%2Fv2%2Fmedia&parent=2"}],"curies":[{"name":"wp","href":"https:\/\/api.w.org\/{rel}","templated":true}]}}